{"id":96,"date":"2025-03-12T13:24:57","date_gmt":"2025-03-12T13:24:57","guid":{"rendered":"https:\/\/bestauto24h.com\/?page_id=96"},"modified":"2025-03-12T13:33:36","modified_gmt":"2025-03-12T13:33:36","slug":"96-2","status":"publish","type":"page","link":"https:\/\/bestauto24h.com\/","title":{"rendered":"Tool Bot Auto Farm Doomsday last Survivors"},"content":{"rendered":"<p>[et_pb_section fb_built=&#8221;1&#8243; admin_label=&#8221;Header&#8221; _builder_version=&#8221;4.23.1&#8243; _module_preset=&#8221;default&#8221; overflow-x=&#8221;hidden&#8221; overflow-y=&#8221;hidden&#8221; collapsed=&#8221;on&#8221; global_colors_info=&#8221;{}&#8221;][et_pb_row column_structure=&#8221;3_5,2_5&#8243; use_custom_gutter=&#8221;on&#8221; gutter_width=&#8221;1&#8243; make_equal=&#8221;on&#8221; _builder_version=&#8221;4.23.2&#8243; _module_preset=&#8221;default&#8221; background_color=&#8221;gcid-2739a123-5e26-4669-a77f-62833b73033a&#8221; max_width=&#8221;1140px&#8221; custom_padding=&#8221;0px||0px||true|false&#8221; border_width_all=&#8221;1px&#8221; border_color_all=&#8221;RGBA(255,255,255,0)&#8221; global_colors_info=&#8221;{%22gcid-2739a123-5e26-4669-a77f-62833b73033a%22:%91%22background_color%22%93}&#8221;][et_pb_column type=&#8221;3_5&#8243; _builder_version=&#8221;4.23.2&#8243; _module_preset=&#8221;default&#8221; background_color=&#8221;#FFFFFF&#8221; custom_padding=&#8221;60px||60px|60px|true|false&#8221; custom_padding_tablet=&#8221;30px|30px|30px|30px|true|true&#8221; custom_padding_phone=&#8221;20px|20px|20px|20px|true|true&#8221; custom_padding_last_edited=&#8221;on|tablet&#8221; border_radii=&#8221;off|10px|||10px&#8221; border_color_all=&#8221;#000000&#8243; border_radii_tablet=&#8221;off|10px|10px|10px|10px&#8221; border_radii_phone=&#8221;off|10px|10px|10px|10px&#8221; border_radii_last_edited=&#8221;on|tablet&#8221; border_width_bottom_tablet=&#8221;1px&#8221; border_width_bottom_phone=&#8221;1px&#8221; border_width_bottom_last_edited=&#8221;on|tablet&#8221; global_colors_info=&#8221;{}&#8221;][et_pb_text _builder_version=&#8221;4.20.4&#8243; _module_preset=&#8221;688f41ae-b19c-4017-86ab-fb20ac5e83d7&#8243; global_colors_info=&#8221;{}&#8221;]<\/p>\n<h4><span style=\"color: #008000;\">Kh\u00e1m ph\u00e1 Bot Auto Doomsday: Last Survivors<\/span><\/h4>\n<p>[\/et_pb_text][et_pb_text _builder_version=&#8221;4.20.4&#8243; _module_preset=&#8221;8ea82171-0f13-4591-8828-fd5613ef8fe9&#8243; custom_margin=&#8221;||10px||false|false&#8221; global_colors_info=&#8221;{}&#8221;]<\/p>\n<h1><span style=\"color: #ff0000;\">Tool Bot Auto Farm Doomsday last Survivors<\/span><\/h1>\n<p>[\/et_pb_text][et_pb_button button_text=&#8221;Get a Free SEO Audit&#8221; _builder_version=&#8221;4.23.2&#8243; _module_preset=&#8221;bffb71da-ab14-4907-8abb-445f9427fb0e&#8221; global_colors_info=&#8221;{}&#8221;][\/et_pb_button][et_pb_text _builder_version=&#8221;4.20.4&#8243; _module_preset=&#8221;default&#8221; global_colors_info=&#8221;{}&#8221;]<\/p>\n<p><span style=\"color: #0000ff;\">\u0110\u1ea1o H\u1eefu l\u00e0 fan c\u1ee7a <span style=\"color: #ff0000;\"><strong>Bot Doomsday: Last Survivors<\/strong><\/span> &#8211; t\u1ef1a game chi\u1ebfn thu\u1eadt sinh t\u1ed3n h\u1eadu t\u1eadn th\u1ebf n\u1ed5i ti\u1ebfng? \u0110\u1ea1o H\u1eefu mu\u1ed1n t\u1ed1i \u01b0u h\u00f3a th\u1eddi gian ch\u01a1i game v\u00e0 n\u00e2ng cao tr\u1ea3i nghi\u1ec7m m\u00e0 kh\u00f4ng ph\u1ea3i &#8220;c\u00e0y cu\u1ed1c&#8221; li\u00ean t\u1ee5c? H\u00e3y \u0111\u1ec3 Bot Auto Doomsday: Last Survivors tr\u1edf th\u00e0nh tr\u1ee3 th\u1ee7 \u0111\u1eafc l\u1ef1c c\u1ee7a \u0110\u1ea1o H\u1eefu! \u0110\u00e2y l\u00e0 c\u00f4ng c\u1ee5 Bot auto t\u1ef1 \u0111\u1ed9ng h\u00f3a ho\u00e0n h\u1ea3o, gi\u00fap \u0110\u1ea1o H\u1eefu thu th\u1eadp t\u00e0i nguy\u00ean Farm Rss H\u00e0ng lo\u1ea1t, chi\u1ebfn \u0111\u1ea5u Raily \u0110\u1ea7u N\u00e3o t\u1ef1 \u0111\u1ed9ng, T\u1ef1 n\u00e2ng c\u1ea5p nh\u00e0 ch\u00ednh, Bot Help, Bot Heal Tr\u1ecb Th\u01b0\u01a1ng, V\u00f9ng \u0110\u1ea5t th\u01b0\u1edfng, Th\u1ee7y chi\u1ebfn, L\u00e0m nhi\u1ec7m v\u1ee5, \u0110\u1ecdc Th\u01b0 nh\u1eadn qu\u00e0&#8230;. Trong b\u00e0i vi\u1ebft n\u00e0y, ch\u00fang t\u00f4i s\u1ebd kh\u00e1m ph\u00e1 chi ti\u1ebft v\u1ec1 bot n\u00e0y, t\u1eeb t\u00ednh n\u0103ng n\u1ed5i b\u1eadt \u0111\u1ebfn c\u00e1ch t\u1ea3i mi\u1ec5n ph\u00ed tr\u00ean gi\u1ea3 l\u1eadp \u0111i\u1ec7n tho\u1ea1i PC Ldplayer 9<\/span><\/p>\n<p><strong>&#8211; Bot Auto Help Heal Troops Doomsday: Last Survivors Tr\u1ee3 gi\u00fap v\u00e0 ch\u1eefa tr\u1ecb l\u00ednh<\/strong><br \/><strong>&#8211; Bot Auto hivemind Doomsday: Last Survivors Tool \u0110\u00e1nh \u0111\u1ea7u n\u00e3o t\u1ef1 \u0111\u1ed9ng<\/strong><br \/><strong>&#8211; Bot Auto Farm t\u00e0i nguy\u00ean Doomsday: Last Survivors h\u00e0ng lo\u1ea1t \u0111\u1ec3 anh em kinh doanh RSS<\/strong><br \/><strong>&#8211; Bot \u0111\u00e1nh v\u00f9ng \u0111\u1ea5t th\u01b0\u1edfng, th\u1ee7y chi\u1ebfn, n\u00e2ng nh\u00e0 , thu nh\u1eadp rss Doomsday: Last Survivors&#8230;.<\/strong><\/p>\n<p>[\/et_pb_text][\/et_pb_column][et_pb_column type=&#8221;2_5&#8243; _builder_version=&#8221;4.23.2&#8243; _module_preset=&#8221;default&#8221; background_color=&#8221;#FFFFFF&#8221; overflow-x=&#8221;visible&#8221; overflow-y=&#8221;visible&#8221; custom_padding=&#8221;|||60px|false|false&#8221; custom_padding_tablet=&#8221;30px|30px|30px|30px|true|true&#8221; custom_padding_phone=&#8221;|20px||20px|false|true&#8221; custom_padding_last_edited=&#8221;on|phone&#8221; border_radii=&#8221;off||10px|10px|&#8221; border_radii_tablet=&#8221;off||10px|10px|&#8221; border_radii_phone=&#8221;off|10px|10px|10px|10px&#8221; border_radii_last_edited=&#8221;on|phone&#8221; global_colors_info=&#8221;{}&#8221;][et_pb_image src=&#8221;https:\/\/bestauto24h.com\/wp-content\/uploads\/2025\/03\/Tool-Bot-Auto-Farm-Doomsday-last-Survivors.png&#8221; alt=&#8221;Tool Bot Auto Farm Doomsday last Survivors&#8221; title_text=&#8221;Tool Bot Auto Farm Doomsday last Survivors&#8221; force_fullwidth=&#8221;on&#8221; _builder_version=&#8221;4.20.4&#8243; _module_preset=&#8221;default&#8221; custom_margin=&#8221;40px|-60px|40px||true|false&#8221; custom_margin_tablet=&#8221;30px|0px|30px|0px|true|true&#8221; custom_margin_phone=&#8221;|0px|||false|false&#8221; custom_margin_last_edited=&#8221;on|phone&#8221; hover_enabled=&#8221;0&#8243; box_shadow_style=&#8221;preset4&#8243; global_colors_info=&#8221;{}&#8221; custom_padding=&#8221;|||0px||&#8221; min_height=&#8221;382px&#8221; height=&#8221;345px&#8221; sticky_enabled=&#8221;0&#8243;][\/et_pb_image][et_pb_text _builder_version=&#8221;4.20.4&#8243; _module_preset=&#8221;default&#8221; hover_enabled=&#8221;0&#8243; sticky_enabled=&#8221;0&#8243;]<\/p>\n<p><iframe loading=\"lazy\" title=\"H\u01b0\u1edbng D\u1eabn C\u00e0i \u0110\u1eb7t Bot Auto Doomsday last Survivors #doomsday #doomsdaylastsurvivors\" width=\"1080\" height=\"608\" src=\"https:\/\/www.youtube.com\/embed\/JJFCWwdUviU?start=1&#038;feature=oembed\"  allow=\"accelerometer; autoplay; clipboard-write; encrypted-media; gyroscope; picture-in-picture; web-share\" referrerpolicy=\"strict-origin-when-cross-origin\" allowfullscreen><\/iframe><\/p>\n<p>[\/et_pb_text][\/et_pb_column][\/et_pb_row][\/et_pb_section][et_pb_section fb_built=&#8221;1&#8243; admin_label=&#8221;Call to Action&#8221; _builder_version=&#8221;4.20.0&#8243; _module_preset=&#8221;default&#8221; background_color=&#8221;gcid-c609dac7-62ed-45e4-8b50-ceb0013ca03d&#8221; saved_tabs=&#8221;all&#8221; collapsed=&#8221;on&#8221; global_colors_info=&#8221;{%22gcid-c609dac7-62ed-45e4-8b50-ceb0013ca03d%22:%91%22background_color%22%93}&#8221;][et_pb_row column_structure=&#8221;3_5,2_5&#8243; _builder_version=&#8221;4.20.0&#8243; _module_preset=&#8221;default&#8221; global_colors_info=&#8221;{}&#8221;][et_pb_column type=&#8221;3_5&#8243; _builder_version=&#8221;4.20.0&#8243; _module_preset=&#8221;default&#8221; global_colors_info=&#8221;{}&#8221;][et_pb_text _builder_version=&#8221;4.20.4&#8243; _module_preset=&#8221;20ca7636-303a-4050-a890-bda05cddba5a&#8221; custom_margin=&#8221;||10px||false|false&#8221; global_colors_info=&#8221;{}&#8221;]<\/p>\n<h2><span style=\"color: #ff0000;\">Download Bot Auto Doomsday Last Survivors<\/span><\/h2>\n<p>[\/et_pb_text][et_pb_text _builder_version=&#8221;4.20.4&#8243; _module_preset=&#8221;6db602da-e4ff-4145-9a5d-77d4d9714d8d&#8221; global_colors_info=&#8221;{}&#8221;]<\/p>\n<p>\u0110\u1ec3 T\u1ea3i Download Bot Auto Doomsday Last Survivors <span style=\"color: #ff0000;\">Mi\u1ec5n Ph\u00ed Free 100% DEMO \u0110\u1ea1o h\u1eefu<span style=\"color: #000000;\"> nh\u1edb xem video c\u00e0i \u0111\u1eb7t\u00a0 v\u00e0 link t\u1ea3i tool n\u00fat b\u00ean d\u01b0\u1edbi nh\u00e9 . ( Tham Gia nh\u00f3m zalo cho ae vi\u1ec7t nam, ai kh\u00f4ng c\u00f3 zalo th\u00ec nh\u1eafn tin facebook ) ho\u1eb7c k\u1ebft b\u1ea1n zalo: 077.270.7531 \u0111\u1ec3 \u0111c tr\u1ee3 gi\u00fap chat nhanh.\u00a0<\/span><\/span><\/p>\n<p>[\/et_pb_text][et_pb_button button_url=&#8221;https:\/\/autofarmphone.com\/contact\/&#8221; url_new_window=&#8221;on&#8221; button_text=&#8221;Xem h\u01b0\u1edbng d\u1eabn v\u00e0 Tham gia nh\u00f3m&#8221; _builder_version=&#8221;4.20.4&#8243; _module_preset=&#8221;7ff382b4-80a5-42ea-8c98-bd730394c566&#8243; hover_enabled=&#8221;0&#8243; global_colors_info=&#8221;{}&#8221; button_text_color=&#8221;#7CDA24&#8243; sticky_enabled=&#8221;0&#8243;][\/et_pb_button][et_pb_button button_url=&#8221;https:\/\/bestauto24h.com\/tools\/doomsday\/auth\/downloads\/DoomsDay%20-%20Bestauto24h.zip&#8221; url_new_window=&#8221;on&#8221; button_text=&#8221;Download Tool Doomsday Last Survivors&#8221; _builder_version=&#8221;4.20.4&#8243; _module_preset=&#8221;7ff382b4-80a5-42ea-8c98-bd730394c566&#8243; hover_enabled=&#8221;0&#8243; global_colors_info=&#8221;{}&#8221; button_text_color=&#8221;#EDF000&#8243; sticky_enabled=&#8221;0&#8243;][\/et_pb_button][\/et_pb_column][et_pb_column type=&#8221;2_5&#8243; _builder_version=&#8221;4.20.0&#8243; _module_preset=&#8221;default&#8221; global_colors_info=&#8221;{}&#8221;][et_pb_image src=&#8221;https:\/\/bestauto24h.com\/wp-content\/uploads\/2025\/03\/seo-specialist-illustration-07@2x.png&#8221; title_text=&#8221;seo-specialist-illustration-07@2x&#8221; align=&#8221;right&#8221; _builder_version=&#8221;4.23.1&#8243; _module_preset=&#8221;default&#8221; max_width=&#8221;100px&#8221; max_height=&#8221;100px&#8221; global_colors_info=&#8221;{}&#8221;][\/et_pb_image][\/et_pb_column][\/et_pb_row][\/et_pb_section]<\/p>\n","protected":false},"excerpt":{"rendered":"<p>Kh\u00e1m ph\u00e1 Bot Auto Doomsday: Last SurvivorsTool Bot Auto Farm Doomsday last Survivors\u0110\u1ea1o H\u1eefu l\u00e0 fan c\u1ee7a Bot Doomsday: Last Survivors &#8211; t\u1ef1a game chi\u1ebfn thu\u1eadt sinh t\u1ed3n h\u1eadu t\u1eadn th\u1ebf n\u1ed5i ti\u1ebfng? \u0110\u1ea1o H\u1eefu mu\u1ed1n t\u1ed1i \u01b0u h\u00f3a th\u1eddi gian ch\u01a1i game v\u00e0 n\u00e2ng cao tr\u1ea3i nghi\u1ec7m m\u00e0 kh\u00f4ng ph\u1ea3i &#8220;c\u00e0y cu\u1ed1c&#8221; li\u00ean t\u1ee5c? [&hellip;]<\/p>\n","protected":false},"author":3,"featured_media":104,"parent":0,"menu_order":0,"comment_status":"closed","ping_status":"closed","template":"","meta":{"_et_pb_use_builder":"on","_et_pb_old_content":"","_et_gb_content_width":"","om_disable_all_campaigns":false,"_monsterinsights_skip_tracking":false,"_monsterinsights_sitenote_active":false,"_monsterinsights_sitenote_note":"","_monsterinsights_sitenote_category":0,"footnotes":""},"class_list":["post-96","page","type-page","status-publish","has-post-thumbnail","hentry"],"aioseo_notices":[],"_links":{"self":[{"href":"https:\/\/bestauto24h.com\/index.php\/wp-json\/wp\/v2\/pages\/96","targetHints":{"allow":["GET"]}}],"collection":[{"href":"https:\/\/bestauto24h.com\/index.php\/wp-json\/wp\/v2\/pages"}],"about":[{"href":"https:\/\/bestauto24h.com\/index.php\/wp-json\/wp\/v2\/types\/page"}],"author":[{"embeddable":true,"href":"https:\/\/bestauto24h.com\/index.php\/wp-json\/wp\/v2\/users\/3"}],"replies":[{"embeddable":true,"href":"https:\/\/bestauto24h.com\/index.php\/wp-json\/wp\/v2\/comments?post=96"}],"version-history":[{"count":5,"href":"https:\/\/bestauto24h.com\/index.php\/wp-json\/wp\/v2\/pages\/96\/revisions"}],"predecessor-version":[{"id":112,"href":"https:\/\/bestauto24h.com\/index.php\/wp-json\/wp\/v2\/pages\/96\/revisions\/112"}],"wp:featuredmedia":[{"embeddable":true,"href":"https:\/\/bestauto24h.com\/index.php\/wp-json\/wp\/v2\/media\/104"}],"wp:attachment":[{"href":"https:\/\/bestauto24h.com\/index.php\/wp-json\/wp\/v2\/media?parent=96"}],"curies":[{"name":"wp","href":"https:\/\/api.w.org\/{rel}","templated":true}]}}